{"id":8573,"date":"2023-04-13T00:58:53","date_gmt":"2023-04-12T21:58:53","guid":{"rendered":"https:\/\/asatim.com.tr\/?page_id=8573"},"modified":"2023-04-13T00:58:55","modified_gmt":"2023-04-12T21:58:55","slug":"citromer-sivi-asitlik-duzenleyici","status":"publish","type":"page","link":"https:\/\/asatim.com.tr\/index.php\/citromer-sivi-asitlik-duzenleyici\/","title":{"rendered":"C\u0130TROMER SIVI AS\u0130TL\u0130K D\u00dcZENLEY\u0130C\u0130"},"content":{"rendered":"","protected":false},"excerpt":{"rendered":"","protected":false},"author":1,"featured_media":0,"parent":0,"menu_order":0,"comment_status":"closed","ping_status":"closed","template":"","meta":{"footnotes":""},"class_list":["post-8573","page","type-page","status-publish","hentry"],"_links":{"self":[{"href":"https:\/\/asatim.com.tr\/index.php\/wp-json\/wp\/v2\/pages\/8573","targetHints":{"allow":["GET"]}}],"collection":[{"href":"https:\/\/asatim.com.tr\/index.php\/wp-json\/wp\/v2\/pages"}],"about":[{"href":"https:\/\/asatim.com.tr\/index.php\/wp-json\/wp\/v2\/types\/page"}],"author":[{"embeddable":true,"href":"https:\/\/asatim.com.tr\/index.php\/wp-json\/wp\/v2\/users\/1"}],"replies":[{"embeddable":true,"href":"https:\/\/asatim.com.tr\/index.php\/wp-json\/wp\/v2\/comments?post=8573"}],"version-history":[{"count":1,"href":"https:\/\/asatim.com.tr\/index.php\/wp-json\/wp\/v2\/pages\/8573\/revisions"}],"predecessor-version":[{"id":8574,"href":"https:\/\/asatim.com.tr\/index.php\/wp-json\/wp\/v2\/pages\/8573\/revisions\/8574"}],"wp:attachment":[{"href":"https:\/\/asatim.com.tr\/index.php\/wp-json\/wp\/v2\/media?parent=8573"}],"curies":[{"name":"wp","href":"https:\/\/api.w.org\/{rel}","templated":true}]}}