{"id":8560,"date":"2023-04-13T00:46:33","date_gmt":"2023-04-12T21:46:33","guid":{"rendered":"https:\/\/asatim.com.tr\/?page_id=8560"},"modified":"2023-04-13T00:46:34","modified_gmt":"2023-04-12T21:46:34","slug":"urun-portfoyu","status":"publish","type":"page","link":"https:\/\/asatim.com.tr\/index.php\/urun-portfoyu\/","title":{"rendered":"\u00dcR\u00dcN PORTF\u00d6Y\u00dc"},"content":{"rendered":"","protected":false},"excerpt":{"rendered":"","protected":false},"author":1,"featured_media":0,"parent":0,"menu_order":0,"comment_status":"closed","ping_status":"closed","template":"","meta":{"footnotes":""},"class_list":["post-8560","page","type-page","status-publish","hentry"],"_links":{"self":[{"href":"https:\/\/asatim.com.tr\/index.php\/wp-json\/wp\/v2\/pages\/8560","targetHints":{"allow":["GET"]}}],"collection":[{"href":"https:\/\/asatim.com.tr\/index.php\/wp-json\/wp\/v2\/pages"}],"about":[{"href":"https:\/\/asatim.com.tr\/index.php\/wp-json\/wp\/v2\/types\/page"}],"author":[{"embeddable":true,"href":"https:\/\/asatim.com.tr\/index.php\/wp-json\/wp\/v2\/users\/1"}],"replies":[{"embeddable":true,"href":"https:\/\/asatim.com.tr\/index.php\/wp-json\/wp\/v2\/comments?post=8560"}],"version-history":[{"count":1,"href":"https:\/\/asatim.com.tr\/index.php\/wp-json\/wp\/v2\/pages\/8560\/revisions"}],"predecessor-version":[{"id":8561,"href":"https:\/\/asatim.com.tr\/index.php\/wp-json\/wp\/v2\/pages\/8560\/revisions\/8561"}],"wp:attachment":[{"href":"https:\/\/asatim.com.tr\/index.php\/wp-json\/wp\/v2\/media?parent=8560"}],"curies":[{"name":"wp","href":"https:\/\/api.w.org\/{rel}","templated":true}]}}